{"id":745,"date":"2024-01-08T11:54:23","date_gmt":"2024-01-08T11:54:23","guid":{"rendered":"http:\/\/radhiax.cluster021.hosting.ovh.net\/?page_id=745"},"modified":"2024-01-08T12:09:16","modified_gmt":"2024-01-08T12:09:16","slug":"visa-de-residence-pour-regroupement-familial","status":"publish","type":"page","link":"https:\/\/radhiafgaier.com\/en\/visa-de-residence-pour-regroupement-familial\/","title":{"rendered":"Residence visa for family reunification"},"content":{"rendered":"<div data-elementor-type=\"wp-page\" data-elementor-id=\"745\" class=\"elementor elementor-745\">\n\t\t\t\t<div class=\"elementor-element elementor-element-6156242 e-flex e-con-boxed e-con e-parent\" data-id=\"6156242\" data-element_type=\"container\">\n\t\t\t\t\t<div class=\"e-con-inner\">\n\t\t<div class=\"elementor-element elementor-element-fdb84d5 e-con-full e-flex e-con e-child\" data-id=\"fdb84d5\" data-element_type=\"container\">\n\t\t\t\t<div class=\"elementor-element elementor-element-91a7205 elementor-widget elementor-widget-image\" data-id=\"91a7205\" data-element_type=\"widget\" data-widget_type=\"image.default\">\n\t\t\t\t<div class=\"elementor-widget-container\">\n\t\t\t\t\t\t\t\t\t\t\t\t\t\t\t<img fetchpriority=\"high\" decoding=\"async\" width=\"900\" height=\"600\" src=\"https:\/\/radhiafgaier.com\/wp-content\/uploads\/2024\/01\/regroupement-familial.webp\" class=\"attachment-large size-large wp-image-748\" alt=\"\" srcset=\"https:\/\/radhiafgaier.com\/wp-content\/uploads\/2024\/01\/regroupement-familial.webp 900w, https:\/\/radhiafgaier.com\/wp-content\/uploads\/2024\/01\/regroupement-familial-300x200.webp 300w, https:\/\/radhiafgaier.com\/wp-content\/uploads\/2024\/01\/regroupement-familial-768x512.webp 768w, https:\/\/radhiafgaier.com\/wp-content\/uploads\/2024\/01\/regroupement-familial-18x12.webp 18w\" sizes=\"(max-width: 900px) 100vw, 900px\" \/>\t\t\t\t\t\t\t\t\t\t\t\t\t\t\t<\/div>\n\t\t\t\t<\/div>\n\t\t\t\t<div class=\"elementor-element elementor-element-e912628 elementor-widget elementor-widget-heading\" data-id=\"e912628\" data-element_type=\"widget\" data-widget_type=\"heading.default\">\n\t\t\t\t<div class=\"elementor-widget-container\">\n\t\t\t\t\t<h2 class=\"elementor-heading-title elementor-size-default\">Residence visa for family reunification<\/h2>\t\t\t\t<\/div>\n\t\t\t\t<\/div>\n\t\t\t\t<div class=\"elementor-element elementor-element-8b52f79 elementor-widget elementor-widget-text-editor\" data-id=\"8b52f79\" data-element_type=\"widget\" data-widget_type=\"text-editor.default\">\n\t\t\t\t<div class=\"elementor-widget-container\">\n\t\t\t\t\t\t\t\t\t<p><span class=\"ILfuVd\" lang=\"fr\"><span class=\"hgKElc\"><span dir=\"ltr\">The family reunification procedure allows a foreigner who has lived regularly in France for 18 months or more to request a long-stay visa for their spouse and minor children.<\/span><\/span><\/span><\/p><p>Our firm offers residence visa file preparation services for family reunification, please contact us for more information.<\/p>\t\t\t\t\t\t\t\t<\/div>\n\t\t\t\t<\/div>\n\t\t\t\t<\/div>\n\t\t<div class=\"elementor-element elementor-element-6de132b e-con-full e-flex e-con e-child\" data-id=\"6de132b\" data-element_type=\"container\">\n\t\t\t\t<div class=\"elementor-element elementor-element-acbe87c elementor-widget elementor-widget-shortcode\" data-id=\"acbe87c\" data-element_type=\"widget\" data-widget_type=\"shortcode.default\">\n\t\t\t\t<div class=\"elementor-widget-container\">\n\t\t\t\t\t\t\t<div class=\"elementor-shortcode\">\n<div class=\"wpcf7 no-js\" id=\"wpcf7-f219-o1\" lang=\"fr-FR\" dir=\"ltr\">\n<div class=\"screen-reader-response\"><p role=\"status\" aria-live=\"polite\" aria-atomic=\"true\"><\/p> <ul><\/ul><\/div>\n<form action=\"\/en\/wp-json\/wp\/v2\/pages\/745#wpcf7-f219-o1\" method=\"post\" class=\"wpcf7-form init\" aria-label=\"Formulaire de contact\" novalidate=\"novalidate\" data-status=\"init\" data-trp-original-action=\"\/en\/wp-json\/wp\/v2\/pages\/745#wpcf7-f219-o1\">\n<div style=\"display: none;\">\n<input type=\"hidden\" name=\"_wpcf7\" value=\"219\" \/>\n<input type=\"hidden\" name=\"_wpcf7_version\" value=\"5.8.4\" \/>\n<input type=\"hidden\" name=\"_wpcf7_locale\" value=\"fr_FR\" \/>\n<input type=\"hidden\" name=\"_wpcf7_unit_tag\" value=\"wpcf7-f219-o1\" \/>\n<input type=\"hidden\" name=\"_wpcf7_container_post\" value=\"0\" \/>\n<input type=\"hidden\" name=\"_wpcf7_posted_data_hash\" value=\"\" \/>\n<\/div>\n<p><label> Full name<br \/>\n<span class=\"wpcf7-form-control-wrap\" data-name=\"your-name\"><input size=\"40\" class=\"wpcf7-form-control wpcf7-text wpcf7-validates-as-required\" autocomplete=\"name\" aria-required=\"true\" aria-invalid=\"false\" value=\"\" type=\"text\" name=\"your-name\" \/><\/span> <\/label>\n<\/p>\n<p><label> Email<br \/>\n<span class=\"wpcf7-form-control-wrap\" data-name=\"your-email\"><input size=\"40\" class=\"wpcf7-form-control wpcf7-email wpcf7-validates-as-required wpcf7-text wpcf7-validates-as-email\" autocomplete=\"email\" aria-required=\"true\" aria-invalid=\"false\" value=\"\" type=\"email\" name=\"your-email\" \/><\/span> <\/label>\n<\/p>\n<p><label> Subject<br \/>\n<span class=\"wpcf7-form-control-wrap\" data-name=\"your-subject\"><input size=\"40\" class=\"wpcf7-form-control wpcf7-text wpcf7-validates-as-required\" aria-required=\"true\" aria-invalid=\"false\" value=\"\" type=\"text\" name=\"your-subject\" \/><\/span> <\/label>\n<\/p>\n<p><label> Message<br \/>\n<span class=\"wpcf7-form-control-wrap\" data-name=\"your-message\"><textarea cols=\"40\" rows=\"10\" class=\"wpcf7-form-control wpcf7-textarea\" aria-invalid=\"false\" name=\"your-message\"><\/textarea><\/span> <\/label>\n<\/p>\n<p><input class=\"wpcf7-form-control wpcf7-submit has-spinner\" type=\"submit\" value=\"Send\" \/>\n<\/p><div class=\"wpcf7-response-output\" aria-hidden=\"true\"><\/div>\n<input type=\"hidden\" name=\"trp-form-language\" value=\"en\"\/><\/form>\n<\/div>\n<\/div>\n\t\t\t\t\t\t<\/div>\n\t\t\t\t<\/div>\n\t\t\t\t<\/div>\n\t\t\t\t\t<\/div>\n\t\t\t\t<\/div>\n\t\t\t\t<\/div>","protected":false},"excerpt":{"rendered":"<p>Visa de r\u00e9sidence pour regroupement familial La proc\u00e9dure de regroupement familial permet \u00e0 un \u00e9tranger install\u00e9 r\u00e9guli\u00e8rement en France depuis 18 mois ou plus de demander un visa de long s\u00e9jour pour son conjoint et ses enfants mineurs. Notre cabinet offre des services de pr\u00e9paration de dossier des visa de r\u00e9sidence pour regroupement familial, merci &hellip;<\/p>\n<p class=\"read-more\"> <a class=\"\" href=\"https:\/\/radhiafgaier.com\/en\/visa-de-residence-pour-regroupement-familial\/\"> <span class=\"screen-reader-text\">Residence visa for family reunification<\/span> Read More &raquo;<\/a><\/p>","protected":false},"author":1,"featured_media":0,"parent":0,"menu_order":0,"comment_status":"closed","ping_status":"closed","template":"","meta":{"site-sidebar-layout":"no-sidebar","site-content-layout":"","ast-site-content-layout":"full-width-container","site-content-style":"default","site-sidebar-style":"default","ast-global-header-display":"","ast-banner-title-visibility":"","ast-main-header-display":"","ast-hfb-above-header-display":"","ast-hfb-below-header-display":"","ast-hfb-mobile-header-display":"","site-post-title":"disabled","ast-breadcrumbs-content":"","ast-featured-img":"disabled","footer-sml-layout":"","theme-transparent-header-meta":"","adv-header-id-meta":"","stick-header-meta":"","header-above-stick-meta":"","header-main-stick-meta":"","header-below-stick-meta":"","astra-migrate-meta-layouts":"","ast-page-background-enabled":"default","ast-page-background-meta":{"desktop":{"background-color":"var(--ast-global-color-4)","background-image":"","background-repeat":"repeat","background-position":"center center","background-size":"auto","background-attachment":"scroll","background-type":"","background-media":"","overlay-type":"","overlay-color":"","overlay-gradient":""},"tablet":{"background-color":"","background-image":"","background-repeat":"repeat","background-position":"center center","background-size":"auto","background-attachment":"scroll","background-type":"","background-media":"","overlay-type":"","overlay-color":"","overlay-gradient":""},"mobile":{"background-color":"","background-image":"","background-repeat":"repeat","background-position":"center center","background-size":"auto","background-attachment":"scroll","background-type":"","background-media":"","overlay-type":"","overlay-color":"","overlay-gradient":""}},"ast-content-background-meta":{"desktop":{"background-color":"var(--ast-global-color-5)","background-image":"","background-repeat":"repeat","background-position":"center center","background-size":"auto","background-attachment":"scroll","background-type":"","background-media":"","overlay-type":"","overlay-color":"","overlay-gradient":""},"tablet":{"background-color":"var(--ast-global-color-5)","background-image":"","background-repeat":"repeat","background-position":"center center","background-size":"auto","background-attachment":"scroll","background-type":"","background-media":"","overlay-type":"","overlay-color":"","overlay-gradient":""},"mobile":{"background-color":"var(--ast-global-color-5)","background-image":"","background-repeat":"repeat","background-position":"center center","background-size":"auto","background-attachment":"scroll","background-type":"","background-media":"","overlay-type":"","overlay-color":"","overlay-gradient":""}},"footnotes":""},"class_list":["post-745","page","type-page","status-publish","hentry"],"yoast_head":"<!-- This site is optimized with the Yoast SEO plugin v21.7 - https:\/\/yoast.com\/wordpress\/plugins\/seo\/ -->\n<title>Visa de r\u00e9sidence pour regroupement familial - Radhia Fgaier<\/title>\n<meta name=\"robots\" content=\"index, follow, max-snippet:-1, max-image-preview:large, max-video-preview:-1\" \/>\n<link rel=\"canonical\" href=\"https:\/\/radhiafgaier.com\/en\/visa-de-residence-pour-regroupement-familial\/\" \/>\n<meta property=\"og:locale\" content=\"en_GB\" \/>\n<meta property=\"og:type\" content=\"article\" \/>\n<meta property=\"og:title\" content=\"Visa de r\u00e9sidence pour regroupement familial - Radhia Fgaier\" \/>\n<meta property=\"og:description\" content=\"Visa de r\u00e9sidence pour regroupement familial La proc\u00e9dure de regroupement familial permet \u00e0 un \u00e9tranger install\u00e9 r\u00e9guli\u00e8rement en France depuis 18 mois ou plus de demander un visa de long s\u00e9jour pour son conjoint et ses enfants mineurs. Notre cabinet offre des services de pr\u00e9paration de dossier des visa de r\u00e9sidence pour regroupement familial, merci &hellip; Visa de r\u00e9sidence pour regroupement familial Read More &raquo;\" \/>\n<meta property=\"og:url\" content=\"https:\/\/radhiafgaier.com\/en\/visa-de-residence-pour-regroupement-familial\/\" \/>\n<meta property=\"og:site_name\" content=\"Radhia Fgaier\" \/>\n<meta property=\"article:publisher\" content=\"https:\/\/www.facebook.com\/charikatirsal\" \/>\n<meta property=\"article:modified_time\" content=\"2024-01-08T12:09:16+00:00\" \/>\n<meta property=\"og:image\" content=\"http:\/\/radhiax.cluster021.hosting.ovh.net\/wp-content\/uploads\/2024\/01\/regroupement-familial.webp\" \/>\n<meta name=\"twitter:card\" content=\"summary_large_image\" \/>\n<script type=\"application\/ld+json\" class=\"yoast-schema-graph\">{\"@context\":\"https:\/\/schema.org\",\"@graph\":[{\"@type\":\"WebPage\",\"@id\":\"https:\/\/radhiafgaier.com\/visa-de-residence-pour-regroupement-familial\/\",\"url\":\"https:\/\/radhiafgaier.com\/visa-de-residence-pour-regroupement-familial\/\",\"name\":\"Visa de r\u00e9sidence pour regroupement familial - Radhia Fgaier\",\"isPartOf\":{\"@id\":\"https:\/\/radhiafgaier.com\/#website\"},\"datePublished\":\"2024-01-08T11:54:23+00:00\",\"dateModified\":\"2024-01-08T12:09:16+00:00\",\"breadcrumb\":{\"@id\":\"https:\/\/radhiafgaier.com\/visa-de-residence-pour-regroupement-familial\/#breadcrumb\"},\"inLanguage\":\"en-GB\",\"potentialAction\":[{\"@type\":\"ReadAction\",\"target\":[\"https:\/\/radhiafgaier.com\/visa-de-residence-pour-regroupement-familial\/\"]}]},{\"@type\":\"BreadcrumbList\",\"@id\":\"https:\/\/radhiafgaier.com\/visa-de-residence-pour-regroupement-familial\/#breadcrumb\",\"itemListElement\":[{\"@type\":\"ListItem\",\"position\":1,\"name\":\"Accueil\",\"item\":\"https:\/\/radhiafgaier.com\/\"},{\"@type\":\"ListItem\",\"position\":2,\"name\":\"Visa de r\u00e9sidence pour regroupement familial\"}]},{\"@type\":\"WebSite\",\"@id\":\"https:\/\/radhiafgaier.com\/#website\",\"url\":\"https:\/\/radhiafgaier.com\/\",\"name\":\"Radhia Fgaier\",\"description\":\"Cabine de traduction et de services\",\"publisher\":{\"@id\":\"https:\/\/radhiafgaier.com\/#organization\"},\"potentialAction\":[{\"@type\":\"SearchAction\",\"target\":{\"@type\":\"EntryPoint\",\"urlTemplate\":\"https:\/\/radhiafgaier.com\/?s={search_term_string}\"},\"query-input\":\"required name=search_term_string\"}],\"inLanguage\":\"en-GB\"},{\"@type\":\"Organization\",\"@id\":\"https:\/\/radhiafgaier.com\/#organization\",\"name\":\"Radhia Fgaier\",\"url\":\"https:\/\/radhiafgaier.com\/\",\"logo\":{\"@type\":\"ImageObject\",\"inLanguage\":\"en-GB\",\"@id\":\"https:\/\/radhiafgaier.com\/#\/schema\/logo\/image\/\",\"url\":\"http:\/\/radhiax.cluster021.hosting.ovh.net\/wp-content\/uploads\/2023\/12\/fav.jpg\",\"contentUrl\":\"http:\/\/radhiax.cluster021.hosting.ovh.net\/wp-content\/uploads\/2023\/12\/fav.jpg\",\"width\":100,\"height\":100,\"caption\":\"Radhia Fgaier\"},\"image\":{\"@id\":\"https:\/\/radhiafgaier.com\/#\/schema\/logo\/image\/\"},\"sameAs\":[\"https:\/\/www.facebook.com\/charikatirsal\"]}]}<\/script>\n<!-- \/ Yoast SEO plugin. -->","yoast_head_json":{"title":"Visa de r\u00e9sidence pour regroupement familial - Radhia Fgaier","robots":{"index":"index","follow":"follow","max-snippet":"max-snippet:-1","max-image-preview":"max-image-preview:large","max-video-preview":"max-video-preview:-1"},"canonical":"https:\/\/radhiafgaier.com\/en\/visa-de-residence-pour-regroupement-familial\/","og_locale":"en_GB","og_type":"article","og_title":"Visa de r\u00e9sidence pour regroupement familial - Radhia Fgaier","og_description":"Visa de r\u00e9sidence pour regroupement familial La proc\u00e9dure de regroupement familial permet \u00e0 un \u00e9tranger install\u00e9 r\u00e9guli\u00e8rement en France depuis 18 mois ou plus de demander un visa de long s\u00e9jour pour son conjoint et ses enfants mineurs. Notre cabinet offre des services de pr\u00e9paration de dossier des visa de r\u00e9sidence pour regroupement familial, merci &hellip; Visa de r\u00e9sidence pour regroupement familial Read More &raquo;","og_url":"https:\/\/radhiafgaier.com\/en\/visa-de-residence-pour-regroupement-familial\/","og_site_name":"Radhia Fgaier","article_publisher":"https:\/\/www.facebook.com\/charikatirsal","article_modified_time":"2024-01-08T12:09:16+00:00","og_image":[{"url":"http:\/\/radhiax.cluster021.hosting.ovh.net\/wp-content\/uploads\/2024\/01\/regroupement-familial.webp"}],"twitter_card":"summary_large_image","schema":{"@context":"https:\/\/schema.org","@graph":[{"@type":"WebPage","@id":"https:\/\/radhiafgaier.com\/visa-de-residence-pour-regroupement-familial\/","url":"https:\/\/radhiafgaier.com\/visa-de-residence-pour-regroupement-familial\/","name":"Visa de r\u00e9sidence pour regroupement familial - Radhia Fgaier","isPartOf":{"@id":"https:\/\/radhiafgaier.com\/#website"},"datePublished":"2024-01-08T11:54:23+00:00","dateModified":"2024-01-08T12:09:16+00:00","breadcrumb":{"@id":"https:\/\/radhiafgaier.com\/visa-de-residence-pour-regroupement-familial\/#breadcrumb"},"inLanguage":"en-GB","potentialAction":[{"@type":"ReadAction","target":["https:\/\/radhiafgaier.com\/visa-de-residence-pour-regroupement-familial\/"]}]},{"@type":"BreadcrumbList","@id":"https:\/\/radhiafgaier.com\/visa-de-residence-pour-regroupement-familial\/#breadcrumb","itemListElement":[{"@type":"ListItem","position":1,"name":"Accueil","item":"https:\/\/radhiafgaier.com\/"},{"@type":"ListItem","position":2,"name":"Visa de r\u00e9sidence pour regroupement familial"}]},{"@type":"WebSite","@id":"https:\/\/radhiafgaier.com\/#website","url":"https:\/\/radhiafgaier.com\/","name":"Radhia Fgaier","description":"Cabine de traduction et de services","publisher":{"@id":"https:\/\/radhiafgaier.com\/#organization"},"potentialAction":[{"@type":"SearchAction","target":{"@type":"EntryPoint","urlTemplate":"https:\/\/radhiafgaier.com\/?s={search_term_string}"},"query-input":"required name=search_term_string"}],"inLanguage":"en-GB"},{"@type":"Organization","@id":"https:\/\/radhiafgaier.com\/#organization","name":"Radhia Fgaier","url":"https:\/\/radhiafgaier.com\/","logo":{"@type":"ImageObject","inLanguage":"en-GB","@id":"https:\/\/radhiafgaier.com\/#\/schema\/logo\/image\/","url":"http:\/\/radhiax.cluster021.hosting.ovh.net\/wp-content\/uploads\/2023\/12\/fav.jpg","contentUrl":"http:\/\/radhiax.cluster021.hosting.ovh.net\/wp-content\/uploads\/2023\/12\/fav.jpg","width":100,"height":100,"caption":"Radhia Fgaier"},"image":{"@id":"https:\/\/radhiafgaier.com\/#\/schema\/logo\/image\/"},"sameAs":["https:\/\/www.facebook.com\/charikatirsal"]}]}},"_links":{"self":[{"href":"https:\/\/radhiafgaier.com\/en\/wp-json\/wp\/v2\/pages\/745","targetHints":{"allow":["GET"]}}],"collection":[{"href":"https:\/\/radhiafgaier.com\/en\/wp-json\/wp\/v2\/pages"}],"about":[{"href":"https:\/\/radhiafgaier.com\/en\/wp-json\/wp\/v2\/types\/page"}],"author":[{"embeddable":true,"href":"https:\/\/radhiafgaier.com\/en\/wp-json\/wp\/v2\/users\/1"}],"replies":[{"embeddable":true,"href":"https:\/\/radhiafgaier.com\/en\/wp-json\/wp\/v2\/comments?post=745"}],"version-history":[{"count":4,"href":"https:\/\/radhiafgaier.com\/en\/wp-json\/wp\/v2\/pages\/745\/revisions"}],"predecessor-version":[{"id":751,"href":"https:\/\/radhiafgaier.com\/en\/wp-json\/wp\/v2\/pages\/745\/revisions\/751"}],"wp:attachment":[{"href":"https:\/\/radhiafgaier.com\/en\/wp-json\/wp\/v2\/media?parent=745"}],"curies":[{"name":"wp","href":"https:\/\/api.w.org\/{rel}","templated":true}]}}