{"id":761,"date":"2024-01-08T12:20:11","date_gmt":"2024-01-08T12:20:11","guid":{"rendered":"http:\/\/radhiax.cluster021.hosting.ovh.net\/?page_id=761"},"modified":"2024-01-08T12:49:02","modified_gmt":"2024-01-08T12:49:02","slug":"visa-de-residence-pour-travail-salarie","status":"publish","type":"page","link":"https:\/\/radhiafgaier.com\/ar\/visa-de-residence-pour-travail-salarie\/","title":{"rendered":"\u062a\u0623\u0634\u064a\u0631\u0629 \u0627\u0644\u0625\u0642\u0627\u0645\u0629 \u0644\u0644\u0639\u0645\u0644"},"content":{"rendered":"<div data-elementor-type=\"wp-page\" data-elementor-id=\"761\" class=\"elementor elementor-761\">\n\t\t\t\t<div class=\"elementor-element elementor-element-6f6e929 e-flex e-con-boxed e-con e-parent\" data-id=\"6f6e929\" data-element_type=\"container\">\n\t\t\t\t\t<div class=\"e-con-inner\">\n\t\t<div class=\"elementor-element elementor-element-d53d68e e-con-full e-flex e-con e-child\" data-id=\"d53d68e\" data-element_type=\"container\">\n\t\t\t\t<div class=\"elementor-element elementor-element-32dfc18 elementor-widget elementor-widget-image\" data-id=\"32dfc18\" data-element_type=\"widget\" data-widget_type=\"image.default\">\n\t\t\t\t<div class=\"elementor-widget-container\">\n\t\t\t\t\t\t\t\t\t\t\t\t\t\t\t<img fetchpriority=\"high\" decoding=\"async\" width=\"976\" height=\"544\" src=\"https:\/\/radhiafgaier.com\/wp-content\/uploads\/2024\/01\/visa-travail.jpg\" class=\"attachment-large size-large wp-image-764\" alt=\"\" srcset=\"https:\/\/radhiafgaier.com\/wp-content\/uploads\/2024\/01\/visa-travail.jpg 976w, https:\/\/radhiafgaier.com\/wp-content\/uploads\/2024\/01\/visa-travail-300x167.jpg 300w, https:\/\/radhiafgaier.com\/wp-content\/uploads\/2024\/01\/visa-travail-768x428.jpg 768w, https:\/\/radhiafgaier.com\/wp-content\/uploads\/2024\/01\/visa-travail-18x10.jpg 18w\" sizes=\"(max-width: 976px) 100vw, 976px\" \/>\t\t\t\t\t\t\t\t\t\t\t\t\t\t\t<\/div>\n\t\t\t\t<\/div>\n\t\t\t\t<div class=\"elementor-element elementor-element-c7ec020 elementor-widget elementor-widget-heading\" data-id=\"c7ec020\" data-element_type=\"widget\" data-widget_type=\"heading.default\">\n\t\t\t\t<div class=\"elementor-widget-container\">\n\t\t\t\t\t<h2 class=\"elementor-heading-title elementor-size-default\">\u062a\u0623\u0634\u064a\u0631\u0629 \u0627\u0644\u0625\u0642\u0627\u0645\u0629 \u0644\u0644\u0639\u0645\u0644<\/h2>\t\t\t\t<\/div>\n\t\t\t\t<\/div>\n\t\t\t\t<div class=\"elementor-element elementor-element-51be579 elementor-widget elementor-widget-text-editor\" data-id=\"51be579\" data-element_type=\"widget\" data-widget_type=\"text-editor.default\">\n\t\t\t\t<div class=\"elementor-widget-container\">\n\t\t\t\t\t\t\t\t\t<p><span class=\"ILfuVd\" lang=\"fr\"><span class=\"hgKElc\"><span dir=\"ltr\">.\u062a\u0623\u0634\u064a\u0631\u0629 \u0627\u0644\u0625\u0642\u0627\u0645\u0629 \u0644\u0644\u0639\u0645\u0644 \u0645\u062e\u0635\u0635\u0629 \u0644\u0644\u0623\u062c\u0627\u0646\u0628 \u0627\u0644\u0630\u064a\u0646 \u064a\u0631\u063a\u0628\u0648\u0646 \u0641\u064a \u0627\u0644\u0625\u0642\u0627\u0645\u0629 \u0644\u0644\u0642\u064a\u0627\u0645 \u0628\u0646\u0634\u0627\u0637 \u0628\u0623\u062c\u0631 \u0628\u0645\u0648\u062c\u0628 \u0639\u0642\u062f \u062f\u0627\u0626\u0645<\/span><\/span><\/span><\/p><p>\u064a\u0642\u062f\u0645 \u0645\u0643\u062a\u0628\u0646\u0627 \u062e\u062f\u0645\u0627\u062a \u0645\u0644\u0641 \u062a\u0623\u0634\u064a\u0631\u0629 <span class=\"ILfuVd\" lang=\"fr\"><span class=\"hgKElc\"><span dir=\"ltr\">\u0627\u0644\u0625\u0642\u0627\u0645\u0629 \u0644\u0644\u0639\u0645\u0644<\/span><\/span><\/span>\u060c \u064a\u0631\u062c\u0649 \u0627\u0644\u0627\u062a\u0635\u0627\u0644 \u0628\u0646\u0627 \u0644\u0644\u0645\u0632\u064a\u062f \u0645\u0646 \u0627\u0644\u0645\u0639\u0644\u0648\u0645\u0627\u062a.<\/p>\t\t\t\t\t\t\t\t<\/div>\n\t\t\t\t<\/div>\n\t\t\t\t<\/div>\n\t\t<div class=\"elementor-element elementor-element-8c60159 e-con-full e-flex e-con e-child\" data-id=\"8c60159\" data-element_type=\"container\">\n\t\t\t\t<div class=\"elementor-element elementor-element-4333684 elementor-widget elementor-widget-shortcode\" data-id=\"4333684\" data-element_type=\"widget\" data-widget_type=\"shortcode.default\">\n\t\t\t\t<div class=\"elementor-widget-container\">\n\t\t\t\t\t\t\t<div class=\"elementor-shortcode\">\n<div class=\"wpcf7 no-js\" id=\"wpcf7-f219-o1\" lang=\"fr-FR\" dir=\"ltr\">\n<div class=\"screen-reader-response\"><p role=\"status\" aria-live=\"polite\" aria-atomic=\"true\"><\/p> <ul><\/ul><\/div>\n<form action=\"\/ar\/wp-json\/wp\/v2\/pages\/761#wpcf7-f219-o1\" method=\"post\" class=\"wpcf7-form init\" aria-label=\"Formulaire de contact\" novalidate=\"novalidate\" data-status=\"init\" data-trp-original-action=\"\/ar\/wp-json\/wp\/v2\/pages\/761#wpcf7-f219-o1\">\n<div style=\"display: none;\">\n<input type=\"hidden\" name=\"_wpcf7\" value=\"219\" \/>\n<input type=\"hidden\" name=\"_wpcf7_version\" value=\"5.8.4\" \/>\n<input type=\"hidden\" name=\"_wpcf7_locale\" value=\"fr_FR\" \/>\n<input type=\"hidden\" name=\"_wpcf7_unit_tag\" value=\"wpcf7-f219-o1\" \/>\n<input type=\"hidden\" name=\"_wpcf7_container_post\" value=\"0\" \/>\n<input type=\"hidden\" name=\"_wpcf7_posted_data_hash\" value=\"\" \/>\n<\/div>\n<p><label> \u0627\u0644\u0625\u0633\u0645 \u0648 \u0627\u0644\u0644\u0642\u0628<br \/>\n<span class=\"wpcf7-form-control-wrap\" data-name=\"your-name\"><input size=\"40\" class=\"wpcf7-form-control wpcf7-text wpcf7-validates-as-required\" autocomplete=\"name\" aria-required=\"true\" aria-invalid=\"false\" value=\"\" type=\"text\" name=\"your-name\" \/><\/span> <\/label>\n<\/p>\n<p><label> \u0627\u0644\u0628\u0631\u064a\u062f \u0627\u0644\u0625\u0644\u0643\u062a\u0631\u0648\u0646\u064a<br \/>\n<span class=\"wpcf7-form-control-wrap\" data-name=\"your-email\"><input size=\"40\" class=\"wpcf7-form-control wpcf7-email wpcf7-validates-as-required wpcf7-text wpcf7-validates-as-email\" autocomplete=\"email\" aria-required=\"true\" aria-invalid=\"false\" value=\"\" type=\"email\" name=\"your-email\" \/><\/span> <\/label>\n<\/p>\n<p><label> \u0627\u0644\u0645\u0648\u0636\u0648\u0639<br \/>\n<span class=\"wpcf7-form-control-wrap\" data-name=\"your-subject\"><input size=\"40\" class=\"wpcf7-form-control wpcf7-text wpcf7-validates-as-required\" aria-required=\"true\" aria-invalid=\"false\" value=\"\" type=\"text\" name=\"your-subject\" \/><\/span> <\/label>\n<\/p>\n<p><label> \u0631\u0633\u0627\u0644\u062a\u0643<br \/>\n<span class=\"wpcf7-form-control-wrap\" data-name=\"your-message\"><textarea cols=\"40\" rows=\"10\" class=\"wpcf7-form-control wpcf7-textarea\" aria-invalid=\"false\" name=\"your-message\"><\/textarea><\/span> <\/label>\n<\/p>\n<p><input class=\"wpcf7-form-control wpcf7-submit has-spinner\" type=\"submit\" value=\"\u0623\u0631\u0633\u0644\" \/>\n<\/p><div class=\"wpcf7-response-output\" aria-hidden=\"true\"><\/div>\n<input type=\"hidden\" name=\"trp-form-language\" value=\"ar\"\/><\/form>\n<\/div>\n<\/div>\n\t\t\t\t\t\t<\/div>\n\t\t\t\t<\/div>\n\t\t\t\t<\/div>\n\t\t\t\t\t<\/div>\n\t\t\t\t<\/div>\n\t\t\t\t<\/div>","protected":false},"excerpt":{"rendered":"<p>Visa de r\u00e9sidence pour travail salari\u00e9 Le visa de r\u00e9sidence pour travail salari\u00e9 est destin\u00e9 \u00e0 l&rsquo;\u00e9tranger qui souhaite s\u00e9journer pour y exercer une activit\u00e9 salari\u00e9e sous contrat \u00e0 dur\u00e9e ind\u00e9termin\u00e9e. Notre cabinet offre des services de pr\u00e9paration de dossier des visa de r\u00e9sidence pour travail salari\u00e9, merci de nous contacter pour plus d&rsquo;informations.<\/p>","protected":false},"author":1,"featured_media":0,"parent":0,"menu_order":0,"comment_status":"closed","ping_status":"closed","template":"","meta":{"site-sidebar-layout":"no-sidebar","site-content-layout":"","ast-site-content-layout":"full-width-container","site-content-style":"default","site-sidebar-style":"default","ast-global-header-display":"","ast-banner-title-visibility":"","ast-main-header-display":"","ast-hfb-above-header-display":"","ast-hfb-below-header-display":"","ast-hfb-mobile-header-display":"","site-post-title":"disabled","ast-breadcrumbs-content":"","ast-featured-img":"disabled","footer-sml-layout":"","theme-transparent-header-meta":"","adv-header-id-meta":"","stick-header-meta":"","header-above-stick-meta":"","header-main-stick-meta":"","header-below-stick-meta":"","astra-migrate-meta-layouts":"","ast-page-background-enabled":"default","ast-page-background-meta":{"desktop":{"background-color":"var(--ast-global-color-4)","background-image":"","background-repeat":"repeat","background-position":"center center","background-size":"auto","background-attachment":"scroll","background-type":"","background-media":"","overlay-type":"","overlay-color":"","overlay-gradient":""},"tablet":{"background-color":"","background-image":"","background-repeat":"repeat","background-position":"center center","background-size":"auto","background-attachment":"scroll","background-type":"","background-media":"","overlay-type":"","overlay-color":"","overlay-gradient":""},"mobile":{"background-color":"","background-image":"","background-repeat":"repeat","background-position":"center center","background-size":"auto","background-attachment":"scroll","background-type":"","background-media":"","overlay-type":"","overlay-color":"","overlay-gradient":""}},"ast-content-background-meta":{"desktop":{"background-color":"var(--ast-global-color-5)","background-image":"","background-repeat":"repeat","background-position":"center center","background-size":"auto","background-attachment":"scroll","background-type":"","background-media":"","overlay-type":"","overlay-color":"","overlay-gradient":""},"tablet":{"background-color":"var(--ast-global-color-5)","background-image":"","background-repeat":"repeat","background-position":"center center","background-size":"auto","background-attachment":"scroll","background-type":"","background-media":"","overlay-type":"","overlay-color":"","overlay-gradient":""},"mobile":{"background-color":"var(--ast-global-color-5)","background-image":"","background-repeat":"repeat","background-position":"center center","background-size":"auto","background-attachment":"scroll","background-type":"","background-media":"","overlay-type":"","overlay-color":"","overlay-gradient":""}},"footnotes":""},"class_list":["post-761","page","type-page","status-publish","hentry"],"yoast_head":"<!-- This site is optimized with the Yoast SEO plugin v21.7 - https:\/\/yoast.com\/wordpress\/plugins\/seo\/ -->\n<title>Visa de r\u00e9sidence pour travail salari\u00e9 - Radhia Fgaier<\/title>\n<meta name=\"robots\" content=\"index, follow, max-snippet:-1, max-image-preview:large, max-video-preview:-1\" \/>\n<link rel=\"canonical\" href=\"https:\/\/radhiafgaier.com\/ar\/visa-de-residence-pour-travail-salarie\/\" \/>\n<meta property=\"og:locale\" content=\"ar_AR\" \/>\n<meta property=\"og:type\" content=\"article\" \/>\n<meta property=\"og:title\" content=\"Visa de r\u00e9sidence pour travail salari\u00e9 - Radhia Fgaier\" \/>\n<meta property=\"og:description\" content=\"Visa de r\u00e9sidence pour travail salari\u00e9 Le visa de r\u00e9sidence pour travail salari\u00e9 est destin\u00e9 \u00e0 l&rsquo;\u00e9tranger qui souhaite s\u00e9journer pour y exercer une activit\u00e9 salari\u00e9e sous contrat \u00e0 dur\u00e9e ind\u00e9termin\u00e9e. Notre cabinet offre des services de pr\u00e9paration de dossier des visa de r\u00e9sidence pour travail salari\u00e9, merci de nous contacter pour plus d&rsquo;informations.\" \/>\n<meta property=\"og:url\" content=\"https:\/\/radhiafgaier.com\/ar\/visa-de-residence-pour-travail-salarie\/\" \/>\n<meta property=\"og:site_name\" content=\"Radhia Fgaier\" \/>\n<meta property=\"article:publisher\" content=\"https:\/\/www.facebook.com\/charikatirsal\" \/>\n<meta property=\"article:modified_time\" content=\"2024-01-08T12:49:02+00:00\" \/>\n<meta property=\"og:image\" content=\"http:\/\/radhiax.cluster021.hosting.ovh.net\/wp-content\/uploads\/2024\/01\/visa-travail.jpg\" \/>\n<meta name=\"twitter:card\" content=\"summary_large_image\" \/>\n<script type=\"application\/ld+json\" class=\"yoast-schema-graph\">{\"@context\":\"https:\/\/schema.org\",\"@graph\":[{\"@type\":\"WebPage\",\"@id\":\"https:\/\/radhiafgaier.com\/en\/visa-de-residence-pour-travail-salarie\/\",\"url\":\"https:\/\/radhiafgaier.com\/en\/visa-de-residence-pour-travail-salarie\/\",\"name\":\"Visa de r\u00e9sidence pour travail salari\u00e9 - Radhia Fgaier\",\"isPartOf\":{\"@id\":\"https:\/\/radhiafgaier.com\/#website\"},\"datePublished\":\"2024-01-08T12:20:11+00:00\",\"dateModified\":\"2024-01-08T12:49:02+00:00\",\"breadcrumb\":{\"@id\":\"https:\/\/radhiafgaier.com\/en\/visa-de-residence-pour-travail-salarie\/#breadcrumb\"},\"inLanguage\":\"ar\",\"potentialAction\":[{\"@type\":\"ReadAction\",\"target\":[\"https:\/\/radhiafgaier.com\/en\/visa-de-residence-pour-travail-salarie\/\"]}]},{\"@type\":\"BreadcrumbList\",\"@id\":\"https:\/\/radhiafgaier.com\/en\/visa-de-residence-pour-travail-salarie\/#breadcrumb\",\"itemListElement\":[{\"@type\":\"ListItem\",\"position\":1,\"name\":\"Accueil\",\"item\":\"https:\/\/radhiafgaier.com\/\"},{\"@type\":\"ListItem\",\"position\":2,\"name\":\"Visa de r\u00e9sidence pour travail salari\u00e9\"}]},{\"@type\":\"WebSite\",\"@id\":\"https:\/\/radhiafgaier.com\/#website\",\"url\":\"https:\/\/radhiafgaier.com\/\",\"name\":\"Radhia Fgaier\",\"description\":\"Cabine de traduction et de services\",\"publisher\":{\"@id\":\"https:\/\/radhiafgaier.com\/#organization\"},\"potentialAction\":[{\"@type\":\"SearchAction\",\"target\":{\"@type\":\"EntryPoint\",\"urlTemplate\":\"https:\/\/radhiafgaier.com\/?s={search_term_string}\"},\"query-input\":\"required name=search_term_string\"}],\"inLanguage\":\"ar\"},{\"@type\":\"Organization\",\"@id\":\"https:\/\/radhiafgaier.com\/#organization\",\"name\":\"Radhia Fgaier\",\"url\":\"https:\/\/radhiafgaier.com\/\",\"logo\":{\"@type\":\"ImageObject\",\"inLanguage\":\"ar\",\"@id\":\"https:\/\/radhiafgaier.com\/#\/schema\/logo\/image\/\",\"url\":\"http:\/\/radhiax.cluster021.hosting.ovh.net\/wp-content\/uploads\/2023\/12\/fav.jpg\",\"contentUrl\":\"http:\/\/radhiax.cluster021.hosting.ovh.net\/wp-content\/uploads\/2023\/12\/fav.jpg\",\"width\":100,\"height\":100,\"caption\":\"Radhia Fgaier\"},\"image\":{\"@id\":\"https:\/\/radhiafgaier.com\/#\/schema\/logo\/image\/\"},\"sameAs\":[\"https:\/\/www.facebook.com\/charikatirsal\"]}]}<\/script>\n<!-- \/ Yoast SEO plugin. -->","yoast_head_json":{"title":"Visa de r\u00e9sidence pour travail salari\u00e9 - Radhia Fgaier","robots":{"index":"index","follow":"follow","max-snippet":"max-snippet:-1","max-image-preview":"max-image-preview:large","max-video-preview":"max-video-preview:-1"},"canonical":"https:\/\/radhiafgaier.com\/ar\/visa-de-residence-pour-travail-salarie\/","og_locale":"ar_AR","og_type":"article","og_title":"Visa de r\u00e9sidence pour travail salari\u00e9 - Radhia Fgaier","og_description":"Visa de r\u00e9sidence pour travail salari\u00e9 Le visa de r\u00e9sidence pour travail salari\u00e9 est destin\u00e9 \u00e0 l&rsquo;\u00e9tranger qui souhaite s\u00e9journer pour y exercer une activit\u00e9 salari\u00e9e sous contrat \u00e0 dur\u00e9e ind\u00e9termin\u00e9e. Notre cabinet offre des services de pr\u00e9paration de dossier des visa de r\u00e9sidence pour travail salari\u00e9, merci de nous contacter pour plus d&rsquo;informations.","og_url":"https:\/\/radhiafgaier.com\/ar\/visa-de-residence-pour-travail-salarie\/","og_site_name":"Radhia Fgaier","article_publisher":"https:\/\/www.facebook.com\/charikatirsal","article_modified_time":"2024-01-08T12:49:02+00:00","og_image":[{"url":"http:\/\/radhiax.cluster021.hosting.ovh.net\/wp-content\/uploads\/2024\/01\/visa-travail.jpg"}],"twitter_card":"summary_large_image","schema":{"@context":"https:\/\/schema.org","@graph":[{"@type":"WebPage","@id":"https:\/\/radhiafgaier.com\/en\/visa-de-residence-pour-travail-salarie\/","url":"https:\/\/radhiafgaier.com\/en\/visa-de-residence-pour-travail-salarie\/","name":"Visa de r\u00e9sidence pour travail salari\u00e9 - Radhia Fgaier","isPartOf":{"@id":"https:\/\/radhiafgaier.com\/#website"},"datePublished":"2024-01-08T12:20:11+00:00","dateModified":"2024-01-08T12:49:02+00:00","breadcrumb":{"@id":"https:\/\/radhiafgaier.com\/en\/visa-de-residence-pour-travail-salarie\/#breadcrumb"},"inLanguage":"ar","potentialAction":[{"@type":"ReadAction","target":["https:\/\/radhiafgaier.com\/en\/visa-de-residence-pour-travail-salarie\/"]}]},{"@type":"BreadcrumbList","@id":"https:\/\/radhiafgaier.com\/en\/visa-de-residence-pour-travail-salarie\/#breadcrumb","itemListElement":[{"@type":"ListItem","position":1,"name":"Accueil","item":"https:\/\/radhiafgaier.com\/"},{"@type":"ListItem","position":2,"name":"Visa de r\u00e9sidence pour travail salari\u00e9"}]},{"@type":"WebSite","@id":"https:\/\/radhiafgaier.com\/#website","url":"https:\/\/radhiafgaier.com\/","name":"Radhia Fgaier","description":"Cabine de traduction et de services","publisher":{"@id":"https:\/\/radhiafgaier.com\/#organization"},"potentialAction":[{"@type":"SearchAction","target":{"@type":"EntryPoint","urlTemplate":"https:\/\/radhiafgaier.com\/?s={search_term_string}"},"query-input":"required name=search_term_string"}],"inLanguage":"ar"},{"@type":"Organization","@id":"https:\/\/radhiafgaier.com\/#organization","name":"Radhia Fgaier","url":"https:\/\/radhiafgaier.com\/","logo":{"@type":"ImageObject","inLanguage":"ar","@id":"https:\/\/radhiafgaier.com\/#\/schema\/logo\/image\/","url":"http:\/\/radhiax.cluster021.hosting.ovh.net\/wp-content\/uploads\/2023\/12\/fav.jpg","contentUrl":"http:\/\/radhiax.cluster021.hosting.ovh.net\/wp-content\/uploads\/2023\/12\/fav.jpg","width":100,"height":100,"caption":"Radhia Fgaier"},"image":{"@id":"https:\/\/radhiafgaier.com\/#\/schema\/logo\/image\/"},"sameAs":["https:\/\/www.facebook.com\/charikatirsal"]}]}},"_links":{"self":[{"href":"https:\/\/radhiafgaier.com\/ar\/wp-json\/wp\/v2\/pages\/761","targetHints":{"allow":["GET"]}}],"collection":[{"href":"https:\/\/radhiafgaier.com\/ar\/wp-json\/wp\/v2\/pages"}],"about":[{"href":"https:\/\/radhiafgaier.com\/ar\/wp-json\/wp\/v2\/types\/page"}],"author":[{"embeddable":true,"href":"https:\/\/radhiafgaier.com\/ar\/wp-json\/wp\/v2\/users\/1"}],"replies":[{"embeddable":true,"href":"https:\/\/radhiafgaier.com\/ar\/wp-json\/wp\/v2\/comments?post=761"}],"version-history":[{"count":4,"href":"https:\/\/radhiafgaier.com\/ar\/wp-json\/wp\/v2\/pages\/761\/revisions"}],"predecessor-version":[{"id":767,"href":"https:\/\/radhiafgaier.com\/ar\/wp-json\/wp\/v2\/pages\/761\/revisions\/767"}],"wp:attachment":[{"href":"https:\/\/radhiafgaier.com\/ar\/wp-json\/wp\/v2\/media?parent=761"}],"curies":[{"name":"wp","href":"https:\/\/api.w.org\/{rel}","templated":true}]}}