{"id":51,"date":"2023-12-06T11:52:41","date_gmt":"2023-12-06T11:52:41","guid":{"rendered":"http:\/\/radhiax.cluster021.hosting.ovh.net\/?page_id=51"},"modified":"2024-01-01T09:09:48","modified_gmt":"2024-01-01T09:09:48","slug":"visa-schengen","status":"publish","type":"page","link":"https:\/\/radhiafgaier.com\/ar\/visa-schengen\/","title":{"rendered":"\u062a\u0623\u0634\u064a\u0631\u0629 \u0634\u0646\u063a\u0646"},"content":{"rendered":"<div data-elementor-type=\"wp-page\" data-elementor-id=\"51\" class=\"elementor elementor-51\">\n\t\t\t\t<div class=\"elementor-element elementor-element-566801c e-flex e-con-boxed e-con e-parent\" data-id=\"566801c\" data-element_type=\"container\">\n\t\t\t\t\t<div class=\"e-con-inner\">\n\t\t<div class=\"elementor-element elementor-element-457b180 e-con-full e-flex e-con e-child\" data-id=\"457b180\" data-element_type=\"container\">\n\t\t\t\t<div class=\"elementor-element elementor-element-9572146 elementor-widget elementor-widget-heading\" data-id=\"9572146\" data-element_type=\"widget\" data-widget_type=\"heading.default\">\n\t\t\t\t<div class=\"elementor-widget-container\">\n\t\t\t\t\t<h2 class=\"elementor-heading-title elementor-size-default\">\u062a\u0623\u0634\u064a\u0631\u0629 \u0634\u0646\u063a\u0646<\/h2>\t\t\t\t<\/div>\n\t\t\t\t<\/div>\n\t\t\t\t<div class=\"elementor-element elementor-element-548d372 elementor-widget elementor-widget-text-editor\" data-id=\"548d372\" data-element_type=\"widget\" data-widget_type=\"text-editor.default\">\n\t\t\t\t<div class=\"elementor-widget-container\">\n\t\t\t\t\t\t\t\t\t<p>\u064a\u0642\u062f\u0645 \u0645\u0643\u062a\u0628\u0646\u0627 \u062e\u062f\u0645\u0627\u062a \u0625\u0639\u062f\u0627\u062f \u0645\u0644\u0641 \u062a\u0623\u0634\u064a\u0631\u0629 \u0634\u0646\u063a\u0646:<\/p>\t\t\t\t\t\t\t\t<\/div>\n\t\t\t\t<\/div>\n\t\t\t\t<div class=\"elementor-element elementor-element-32386bb elementor-icon-list--layout-traditional elementor-list-item-link-full_width elementor-widget elementor-widget-icon-list\" data-id=\"32386bb\" data-element_type=\"widget\" data-widget_type=\"icon-list.default\">\n\t\t\t\t<div class=\"elementor-widget-container\">\n\t\t\t\t\t\t\t<ul class=\"elementor-icon-list-items\">\n\t\t\t\t\t\t\t<li class=\"elementor-icon-list-item\">\n\t\t\t\t\t\t\t\t\t\t\t<span class=\"elementor-icon-list-icon\">\n\t\t\t\t\t\t\t<svg aria-hidden=\"true\" class=\"e-font-icon-svg e-fas-check-circle\" viewbox=\"0 0 512 512\" xmlns=\"http:\/\/www.w3.org\/2000\/svg\"><path d=\"M504 256c0 136.967-111.033 248-248 248S8 392.967 8 256 119.033 8 256 8s248 111.033 248 248zM227.314 387.314l184-184c6.248-6.248 6.248-16.379 0-22.627l-22.627-22.627c-6.248-6.249-16.379-6.249-22.628 0L216 308.118l-70.059-70.059c-6.248-6.248-16.379-6.248-22.628 0l-22.627 22.627c-6.248 6.248-6.248 16.379 0 22.627l104 104c6.249 6.249 16.379 6.249 22.628.001z\"><\/path><\/svg>\t\t\t\t\t\t<\/span>\n\t\t\t\t\t\t\t\t\t\t<span class=\"elementor-icon-list-text\">\u0623\u062e\u0630 \u0645\u0648\u0639\u062f<\/span>\n\t\t\t\t\t\t\t\t\t<\/li>\n\t\t\t\t\t\t\t\t<li class=\"elementor-icon-list-item\">\n\t\t\t\t\t\t\t\t\t\t\t<span class=\"elementor-icon-list-icon\">\n\t\t\t\t\t\t\t<svg aria-hidden=\"true\" class=\"e-font-icon-svg e-fas-check-circle\" viewbox=\"0 0 512 512\" xmlns=\"http:\/\/www.w3.org\/2000\/svg\"><path d=\"M504 256c0 136.967-111.033 248-248 248S8 392.967 8 256 119.033 8 256 8s248 111.033 248 248zM227.314 387.314l184-184c6.248-6.248 6.248-16.379 0-22.627l-22.627-22.627c-6.248-6.249-16.379-6.249-22.628 0L216 308.118l-70.059-70.059c-6.248-6.248-16.379-6.248-22.628 0l-22.627 22.627c-6.248 6.248-6.248 16.379 0 22.627l104 104c6.249 6.249 16.379 6.249 22.628.001z\"><\/path><\/svg>\t\t\t\t\t\t<\/span>\n\t\t\t\t\t\t\t\t\t\t<span class=\"elementor-icon-list-text\">\u062a\u0631\u062c\u0645\u0629 \u0627\u0644\u0648\u062b\u0627\u0626\u0642<\/span>\n\t\t\t\t\t\t\t\t\t<\/li>\n\t\t\t\t\t\t\t\t<li class=\"elementor-icon-list-item\">\n\t\t\t\t\t\t\t\t\t\t\t<span class=\"elementor-icon-list-icon\">\n\t\t\t\t\t\t\t<svg aria-hidden=\"true\" class=\"e-font-icon-svg e-fas-check-circle\" viewbox=\"0 0 512 512\" xmlns=\"http:\/\/www.w3.org\/2000\/svg\"><path d=\"M504 256c0 136.967-111.033 248-248 248S8 392.967 8 256 119.033 8 256 8s248 111.033 248 248zM227.314 387.314l184-184c6.248-6.248 6.248-16.379 0-22.627l-22.627-22.627c-6.248-6.249-16.379-6.249-22.628 0L216 308.118l-70.059-70.059c-6.248-6.248-16.379-6.248-22.628 0l-22.627 22.627c-6.248 6.248-6.248 16.379 0 22.627l104 104c6.249 6.249 16.379 6.249 22.628.001z\"><\/path><\/svg>\t\t\t\t\t\t<\/span>\n\t\t\t\t\t\t\t\t\t\t<span class=\"elementor-icon-list-text\">\u062a\u0623\u0643\u064a\u062f \u062d\u062c\u0632 \u0627\u0644\u0641\u0646\u062f\u0642 \u0648\u0627\u0644\u062a\u0630\u0627\u0643\u0631<\/span>\n\t\t\t\t\t\t\t\t\t<\/li>\n\t\t\t\t\t\t\t\t<li class=\"elementor-icon-list-item\">\n\t\t\t\t\t\t\t\t\t\t\t<span class=\"elementor-icon-list-icon\">\n\t\t\t\t\t\t\t<svg aria-hidden=\"true\" class=\"e-font-icon-svg e-fas-check-circle\" viewbox=\"0 0 512 512\" xmlns=\"http:\/\/www.w3.org\/2000\/svg\"><path d=\"M504 256c0 136.967-111.033 248-248 248S8 392.967 8 256 119.033 8 256 8s248 111.033 248 248zM227.314 387.314l184-184c6.248-6.248 6.248-16.379 0-22.627l-22.627-22.627c-6.248-6.249-16.379-6.249-22.628 0L216 308.118l-70.059-70.059c-6.248-6.248-16.379-6.248-22.628 0l-22.627 22.627c-6.248 6.248-6.248 16.379 0 22.627l104 104c6.249 6.249 16.379 6.249 22.628.001z\"><\/path><\/svg>\t\t\t\t\t\t<\/span>\n\t\t\t\t\t\t\t\t\t\t<span class=\"elementor-icon-list-text\">\u062a\u0623\u0645\u064a\u0646 \u0627\u0644\u0633\u0641\u0631<\/span>\n\t\t\t\t\t\t\t\t\t<\/li>\n\t\t\t\t\t\t\t\t<li class=\"elementor-icon-list-item\">\n\t\t\t\t\t\t\t\t\t\t\t<span class=\"elementor-icon-list-icon\">\n\t\t\t\t\t\t\t<svg aria-hidden=\"true\" class=\"e-font-icon-svg e-fas-check-circle\" viewbox=\"0 0 512 512\" xmlns=\"http:\/\/www.w3.org\/2000\/svg\"><path d=\"M504 256c0 136.967-111.033 248-248 248S8 392.967 8 256 119.033 8 256 8s248 111.033 248 248zM227.314 387.314l184-184c6.248-6.248 6.248-16.379 0-22.627l-22.627-22.627c-6.248-6.249-16.379-6.249-22.628 0L216 308.118l-70.059-70.059c-6.248-6.248-16.379-6.248-22.628 0l-22.627 22.627c-6.248 6.248-6.248 16.379 0 22.627l104 104c6.249 6.249 16.379 6.249 22.628.001z\"><\/path><\/svg>\t\t\t\t\t\t<\/span>\n\t\t\t\t\t\t\t\t\t\t<span class=\"elementor-icon-list-text\">\u0646\u0635\u0627\u0626\u062d \u0648 \u062a\u0648\u062c\u064a\u0647<\/span>\n\t\t\t\t\t\t\t\t\t<\/li>\n\t\t\t\t\t\t\t\t<li class=\"elementor-icon-list-item\">\n\t\t\t\t\t\t\t\t\t\t\t<span class=\"elementor-icon-list-icon\">\n\t\t\t\t\t\t\t<svg aria-hidden=\"true\" class=\"e-font-icon-svg e-fas-check-circle\" viewbox=\"0 0 512 512\" xmlns=\"http:\/\/www.w3.org\/2000\/svg\"><path d=\"M504 256c0 136.967-111.033 248-248 248S8 392.967 8 256 119.033 8 256 8s248 111.033 248 248zM227.314 387.314l184-184c6.248-6.248 6.248-16.379 0-22.627l-22.627-22.627c-6.248-6.249-16.379-6.249-22.628 0L216 308.118l-70.059-70.059c-6.248-6.248-16.379-6.248-22.628 0l-22.627 22.627c-6.248 6.248-6.248 16.379 0 22.627l104 104c6.249 6.249 16.379 6.249 22.628.001z\"><\/path><\/svg>\t\t\t\t\t\t<\/span>\n\t\t\t\t\t\t\t\t\t\t<span class=\"elementor-icon-list-text\">\u062a\u062a\u0628\u0639 \u0627\u0644\u0645\u0644\u0641<\/span>\n\t\t\t\t\t\t\t\t\t<\/li>\n\t\t\t\t\t\t<\/ul>\n\t\t\t\t\t\t<\/div>\n\t\t\t\t<\/div>\n\t\t\t\t<\/div>\n\t\t<div class=\"elementor-element elementor-element-084dab1 e-con-full e-flex e-con e-child\" data-id=\"084dab1\" data-element_type=\"container\">\n\t\t\t\t<div class=\"elementor-element elementor-element-f44e18d elementor-widget elementor-widget-image\" data-id=\"f44e18d\" data-element_type=\"widget\" data-widget_type=\"image.default\">\n\t\t\t\t<div class=\"elementor-widget-container\">\n\t\t\t\t\t\t\t\t\t\t\t\t\t\t\t<img fetchpriority=\"high\" decoding=\"async\" width=\"970\" height=\"630\" src=\"https:\/\/radhiafgaier.com\/wp-content\/uploads\/2023\/12\/shengen-visa.jpg\" class=\"attachment-large size-large wp-image-673\" alt=\"\" srcset=\"https:\/\/radhiafgaier.com\/wp-content\/uploads\/2023\/12\/shengen-visa.jpg 970w, https:\/\/radhiafgaier.com\/wp-content\/uploads\/2023\/12\/shengen-visa-300x195.jpg 300w, https:\/\/radhiafgaier.com\/wp-content\/uploads\/2023\/12\/shengen-visa-768x499.jpg 768w, https:\/\/radhiafgaier.com\/wp-content\/uploads\/2023\/12\/shengen-visa-18x12.jpg 18w\" sizes=\"(max-width: 970px) 100vw, 970px\" \/>\t\t\t\t\t\t\t\t\t\t\t\t\t\t\t<\/div>\n\t\t\t\t<\/div>\n\t\t\t\t<\/div>\n\t\t\t\t\t<\/div>\n\t\t\t\t<\/div>\n\t\t<div class=\"elementor-element elementor-element-8e55994 e-flex e-con-boxed e-con e-parent\" data-id=\"8e55994\" data-element_type=\"container\" data-settings=\"{&quot;background_background&quot;:&quot;classic&quot;}\">\n\t\t\t\t\t<div class=\"e-con-inner\">\n\t\t<div class=\"elementor-element elementor-element-fd40d81 e-con-full e-flex e-con e-child\" data-id=\"fd40d81\" data-element_type=\"container\">\n\t\t\t\t<div class=\"elementor-element elementor-element-c909ae9 elementor-widget elementor-widget-heading\" data-id=\"c909ae9\" data-element_type=\"widget\" data-widget_type=\"heading.default\">\n\t\t\t\t<div class=\"elementor-widget-container\">\n\t\t\t\t\t<h2 class=\"elementor-heading-title elementor-size-default\">\u0647\u0644 \u0623\u0646\u062a \u0645\u0647\u062a\u0645 \u0628\u062a\u0623\u0634\u064a\u0631\u0629 \u0634\u0646\u063a\u0646\u061f<\/h2>\t\t\t\t<\/div>\n\t\t\t\t<\/div>\n\t\t\t\t<\/div>\n\t\t<div class=\"elementor-element elementor-element-3297005 e-con-full e-flex e-con e-child\" data-id=\"3297005\" data-element_type=\"container\">\n\t\t\t\t<div class=\"elementor-element elementor-element-c0b8cbb elementor-align-right elementor-widget elementor-widget-button\" data-id=\"c0b8cbb\" data-element_type=\"widget\" data-widget_type=\"button.default\">\n\t\t\t\t<div class=\"elementor-widget-container\">\n\t\t\t\t\t\t\t\t\t<div class=\"elementor-button-wrapper\">\n\t\t\t\t\t<a class=\"elementor-button elementor-button-link elementor-size-lg\" href=\"http:\/\/radhiax.cluster021.hosting.ovh.net\/contact\/\">\n\t\t\t\t\t\t<span class=\"elementor-button-content-wrapper\">\n\t\t\t\t\t\t\t\t\t<span class=\"elementor-button-text\">\u0627\u062a\u0635\u0644 \u0628\u0646\u0627<\/span>\n\t\t\t\t\t<\/span>\n\t\t\t\t\t<\/a>\n\t\t\t\t<\/div>\n\t\t\t\t\t\t\t\t<\/div>\n\t\t\t\t<\/div>\n\t\t\t\t<\/div>\n\t\t\t\t\t<\/div>\n\t\t\t\t<\/div>\n\t\t\t\t<\/div>","protected":false},"excerpt":{"rendered":"<p>Visa Schengen Notre cabinet propose des services de pr\u00e9paration des dossiers de visa Schengen: Prise de rendez-vous Traduction des documents R\u00e9servation confirm\u00e9e d&rsquo;hotels et billets Assurances voyages Conseils Suivi du dossier \u00cates-vous interess\u00e9 par visa Schengen? Contactez Nous<\/p>","protected":false},"author":1,"featured_media":0,"parent":0,"menu_order":0,"comment_status":"closed","ping_status":"closed","template":"","meta":{"site-sidebar-layout":"no-sidebar","site-content-layout":"","ast-site-content-layout":"full-width-container","site-content-style":"default","site-sidebar-style":"default","ast-global-header-display":"","ast-banner-title-visibility":"","ast-main-header-display":"","ast-hfb-above-header-display":"","ast-hfb-below-header-display":"","ast-hfb-mobile-header-display":"","site-post-title":"disabled","ast-breadcrumbs-content":"","ast-featured-img":"disabled","footer-sml-layout":"","theme-transparent-header-meta":"","adv-header-id-meta":"","stick-header-meta":"","header-above-stick-meta":"","header-main-stick-meta":"","header-below-stick-meta":"","astra-migrate-meta-layouts":"","ast-page-background-enabled":"default","ast-page-background-meta":{"desktop":{"background-color":"var(--ast-global-color-4)","background-image":"","background-repeat":"repeat","background-position":"center center","background-size":"auto","background-attachment":"scroll","background-type":"","background-media":"","overlay-type":"","overlay-color":"","overlay-gradient":""},"tablet":{"background-color":"","background-image":"","background-repeat":"repeat","background-position":"center center","background-size":"auto","background-attachment":"scroll","background-type":"","background-media":"","overlay-type":"","overlay-color":"","overlay-gradient":""},"mobile":{"background-color":"","background-image":"","background-repeat":"repeat","background-position":"center center","background-size":"auto","background-attachment":"scroll","background-type":"","background-media":"","overlay-type":"","overlay-color":"","overlay-gradient":""}},"ast-content-background-meta":{"desktop":{"background-color":"var(--ast-global-color-5)","background-image":"","background-repeat":"repeat","background-position":"center center","background-size":"auto","background-attachment":"scroll","background-type":"","background-media":"","overlay-type":"","overlay-color":"","overlay-gradient":""},"tablet":{"background-color":"var(--ast-global-color-5)","background-image":"","background-repeat":"repeat","background-position":"center center","background-size":"auto","background-attachment":"scroll","background-type":"","background-media":"","overlay-type":"","overlay-color":"","overlay-gradient":""},"mobile":{"background-color":"var(--ast-global-color-5)","background-image":"","background-repeat":"repeat","background-position":"center center","background-size":"auto","background-attachment":"scroll","background-type":"","background-media":"","overlay-type":"","overlay-color":"","overlay-gradient":""}},"footnotes":""},"class_list":["post-51","page","type-page","status-publish","hentry"],"yoast_head":"<!-- This site is optimized with the Yoast SEO plugin v21.7 - https:\/\/yoast.com\/wordpress\/plugins\/seo\/ -->\n<title>Visa Schengen - Radhia Fgaier<\/title>\n<meta name=\"robots\" content=\"index, follow, max-snippet:-1, max-image-preview:large, max-video-preview:-1\" \/>\n<link rel=\"canonical\" href=\"https:\/\/radhiafgaier.com\/ar\/visa-schengen\/\" \/>\n<meta property=\"og:locale\" content=\"ar_AR\" \/>\n<meta property=\"og:type\" content=\"article\" \/>\n<meta property=\"og:title\" content=\"Visa Schengen - Radhia Fgaier\" \/>\n<meta property=\"og:description\" content=\"Visa Schengen Notre cabinet propose des services de pr\u00e9paration des dossiers de visa Schengen: Prise de rendez-vous Traduction des documents R\u00e9servation confirm\u00e9e d&rsquo;hotels et billets Assurances voyages Conseils Suivi du dossier \u00cates-vous interess\u00e9 par visa Schengen? Contactez Nous\" \/>\n<meta property=\"og:url\" content=\"https:\/\/radhiafgaier.com\/ar\/visa-schengen\/\" \/>\n<meta property=\"og:site_name\" content=\"Radhia Fgaier\" \/>\n<meta property=\"article:publisher\" content=\"https:\/\/www.facebook.com\/charikatirsal\" \/>\n<meta property=\"article:modified_time\" content=\"2024-01-01T09:09:48+00:00\" \/>\n<meta property=\"og:image\" content=\"http:\/\/radhiax.cluster021.hosting.ovh.net\/wp-content\/uploads\/2023\/12\/shengen-visa.jpg\" \/>\n<meta name=\"twitter:card\" content=\"summary_large_image\" \/>\n<script type=\"application\/ld+json\" class=\"yoast-schema-graph\">{\"@context\":\"https:\/\/schema.org\",\"@graph\":[{\"@type\":\"WebPage\",\"@id\":\"https:\/\/radhiafgaier.com\/en\/visa-schengen\/\",\"url\":\"https:\/\/radhiafgaier.com\/en\/visa-schengen\/\",\"name\":\"Visa Schengen - Radhia Fgaier\",\"isPartOf\":{\"@id\":\"https:\/\/radhiafgaier.com\/#website\"},\"datePublished\":\"2023-12-06T11:52:41+00:00\",\"dateModified\":\"2024-01-01T09:09:48+00:00\",\"breadcrumb\":{\"@id\":\"https:\/\/radhiafgaier.com\/en\/visa-schengen\/#breadcrumb\"},\"inLanguage\":\"ar\",\"potentialAction\":[{\"@type\":\"ReadAction\",\"target\":[\"https:\/\/radhiafgaier.com\/en\/visa-schengen\/\"]}]},{\"@type\":\"BreadcrumbList\",\"@id\":\"https:\/\/radhiafgaier.com\/en\/visa-schengen\/#breadcrumb\",\"itemListElement\":[{\"@type\":\"ListItem\",\"position\":1,\"name\":\"Accueil\",\"item\":\"https:\/\/radhiafgaier.com\/\"},{\"@type\":\"ListItem\",\"position\":2,\"name\":\"Visa Schengen\"}]},{\"@type\":\"WebSite\",\"@id\":\"https:\/\/radhiafgaier.com\/#website\",\"url\":\"https:\/\/radhiafgaier.com\/\",\"name\":\"Radhia Fgaier\",\"description\":\"Cabine de traduction et de services\",\"publisher\":{\"@id\":\"https:\/\/radhiafgaier.com\/#organization\"},\"potentialAction\":[{\"@type\":\"SearchAction\",\"target\":{\"@type\":\"EntryPoint\",\"urlTemplate\":\"https:\/\/radhiafgaier.com\/?s={search_term_string}\"},\"query-input\":\"required name=search_term_string\"}],\"inLanguage\":\"ar\"},{\"@type\":\"Organization\",\"@id\":\"https:\/\/radhiafgaier.com\/#organization\",\"name\":\"Radhia Fgaier\",\"url\":\"https:\/\/radhiafgaier.com\/\",\"logo\":{\"@type\":\"ImageObject\",\"inLanguage\":\"ar\",\"@id\":\"https:\/\/radhiafgaier.com\/#\/schema\/logo\/image\/\",\"url\":\"http:\/\/radhiax.cluster021.hosting.ovh.net\/wp-content\/uploads\/2023\/12\/fav.jpg\",\"contentUrl\":\"http:\/\/radhiax.cluster021.hosting.ovh.net\/wp-content\/uploads\/2023\/12\/fav.jpg\",\"width\":100,\"height\":100,\"caption\":\"Radhia Fgaier\"},\"image\":{\"@id\":\"https:\/\/radhiafgaier.com\/#\/schema\/logo\/image\/\"},\"sameAs\":[\"https:\/\/www.facebook.com\/charikatirsal\"]}]}<\/script>\n<!-- \/ Yoast SEO plugin. -->","yoast_head_json":{"title":"Visa Schengen - Radhia Fgaier","robots":{"index":"index","follow":"follow","max-snippet":"max-snippet:-1","max-image-preview":"max-image-preview:large","max-video-preview":"max-video-preview:-1"},"canonical":"https:\/\/radhiafgaier.com\/ar\/visa-schengen\/","og_locale":"ar_AR","og_type":"article","og_title":"Visa Schengen - Radhia Fgaier","og_description":"Visa Schengen Notre cabinet propose des services de pr\u00e9paration des dossiers de visa Schengen: Prise de rendez-vous Traduction des documents R\u00e9servation confirm\u00e9e d&rsquo;hotels et billets Assurances voyages Conseils Suivi du dossier \u00cates-vous interess\u00e9 par visa Schengen? Contactez Nous","og_url":"https:\/\/radhiafgaier.com\/ar\/visa-schengen\/","og_site_name":"Radhia Fgaier","article_publisher":"https:\/\/www.facebook.com\/charikatirsal","article_modified_time":"2024-01-01T09:09:48+00:00","og_image":[{"url":"http:\/\/radhiax.cluster021.hosting.ovh.net\/wp-content\/uploads\/2023\/12\/shengen-visa.jpg"}],"twitter_card":"summary_large_image","schema":{"@context":"https:\/\/schema.org","@graph":[{"@type":"WebPage","@id":"https:\/\/radhiafgaier.com\/en\/visa-schengen\/","url":"https:\/\/radhiafgaier.com\/en\/visa-schengen\/","name":"Visa Schengen - Radhia Fgaier","isPartOf":{"@id":"https:\/\/radhiafgaier.com\/#website"},"datePublished":"2023-12-06T11:52:41+00:00","dateModified":"2024-01-01T09:09:48+00:00","breadcrumb":{"@id":"https:\/\/radhiafgaier.com\/en\/visa-schengen\/#breadcrumb"},"inLanguage":"ar","potentialAction":[{"@type":"ReadAction","target":["https:\/\/radhiafgaier.com\/en\/visa-schengen\/"]}]},{"@type":"BreadcrumbList","@id":"https:\/\/radhiafgaier.com\/en\/visa-schengen\/#breadcrumb","itemListElement":[{"@type":"ListItem","position":1,"name":"Accueil","item":"https:\/\/radhiafgaier.com\/"},{"@type":"ListItem","position":2,"name":"Visa Schengen"}]},{"@type":"WebSite","@id":"https:\/\/radhiafgaier.com\/#website","url":"https:\/\/radhiafgaier.com\/","name":"Radhia Fgaier","description":"Cabine de traduction et de services","publisher":{"@id":"https:\/\/radhiafgaier.com\/#organization"},"potentialAction":[{"@type":"SearchAction","target":{"@type":"EntryPoint","urlTemplate":"https:\/\/radhiafgaier.com\/?s={search_term_string}"},"query-input":"required name=search_term_string"}],"inLanguage":"ar"},{"@type":"Organization","@id":"https:\/\/radhiafgaier.com\/#organization","name":"Radhia Fgaier","url":"https:\/\/radhiafgaier.com\/","logo":{"@type":"ImageObject","inLanguage":"ar","@id":"https:\/\/radhiafgaier.com\/#\/schema\/logo\/image\/","url":"http:\/\/radhiax.cluster021.hosting.ovh.net\/wp-content\/uploads\/2023\/12\/fav.jpg","contentUrl":"http:\/\/radhiax.cluster021.hosting.ovh.net\/wp-content\/uploads\/2023\/12\/fav.jpg","width":100,"height":100,"caption":"Radhia Fgaier"},"image":{"@id":"https:\/\/radhiafgaier.com\/#\/schema\/logo\/image\/"},"sameAs":["https:\/\/www.facebook.com\/charikatirsal"]}]}},"_links":{"self":[{"href":"https:\/\/radhiafgaier.com\/ar\/wp-json\/wp\/v2\/pages\/51","targetHints":{"allow":["GET"]}}],"collection":[{"href":"https:\/\/radhiafgaier.com\/ar\/wp-json\/wp\/v2\/pages"}],"about":[{"href":"https:\/\/radhiafgaier.com\/ar\/wp-json\/wp\/v2\/types\/page"}],"author":[{"embeddable":true,"href":"https:\/\/radhiafgaier.com\/ar\/wp-json\/wp\/v2\/users\/1"}],"replies":[{"embeddable":true,"href":"https:\/\/radhiafgaier.com\/ar\/wp-json\/wp\/v2\/comments?post=51"}],"version-history":[{"count":34,"href":"https:\/\/radhiafgaier.com\/ar\/wp-json\/wp\/v2\/pages\/51\/revisions"}],"predecessor-version":[{"id":743,"href":"https:\/\/radhiafgaier.com\/ar\/wp-json\/wp\/v2\/pages\/51\/revisions\/743"}],"wp:attachment":[{"href":"https:\/\/radhiafgaier.com\/ar\/wp-json\/wp\/v2\/media?parent=51"}],"curies":[{"name":"wp","href":"https:\/\/api.w.org\/{rel}","templated":true}]}}